{"id":71,"date":"2018-08-30T13:00:54","date_gmt":"2018-08-30T11:00:54","guid":{"rendered":"http:\/\/www.atituda.cz\/?page_id=71"},"modified":"2018-09-05T21:22:17","modified_gmt":"2018-09-05T19:22:17","slug":"o-nas","status":"publish","type":"page","link":"https:\/\/www.atituda.cz\/index.php\/o-nas\/","title":{"rendered":"O n\u00e1s"},"content":{"rendered":"<style type=\"text\/css\"> \n#cmsms_row_69eccd71681c48_15896585 .cmsms_row_outer_parent { \n\tpadding-top: 0px; \n} \n\n#cmsms_row_69eccd71681c48_15896585 .cmsms_row_outer_parent { \n\tpadding-bottom: 30px; \n} \n\n \n#cmsms_row_69eccd7168d3d5_48236247 .cmsms_row_outer_parent { \n\tpadding-top: 0px; \n} \n\n#cmsms_row_69eccd7168d3d5_48236247 .cmsms_row_outer_parent { \n\tpadding-bottom: 30px; \n} \n\n \n#cmsms_row_69eccd71694099_71087715 .cmsms_row_outer_parent { \n\tpadding-top: 0px; \n} \n\n#cmsms_row_69eccd71694099_71087715 .cmsms_row_outer_parent { \n\tpadding-bottom: 50px; \n} \n\n \n\n#cmsms_fb_69eccd71696160_21972940 { \n\tpadding-top:0px; \n\tpadding-bottom:0px; \n} \n\n#cmsms_fb_69eccd71696160_21972940 .featured_block_inner { \n\twidth: 100%; \n\tpadding: ; \n\ttext-align: left; \n\tmargin:0 auto; \n} \n\n#cmsms_fb_69eccd71696160_21972940 .featured_block_text { \n\ttext-align: left; \n} \n\n \n#cmsms_row_69eccd716971b9_62648754 .cmsms_row_outer_parent { \n\tpadding-top: 0px; \n} \n\n#cmsms_row_69eccd716971b9_62648754 .cmsms_row_outer_parent { \n\tpadding-bottom: 50px; \n} \n\n<\/style><div id=\"cmsms_row_69eccd71681c48_15896585\" class=\"cmsms_row cmsms_color_scheme_default\">\n<div class=\"cmsms_row_outer_parent\">\n<div class=\"cmsms_row_outer\">\n<div class=\"cmsms_row_inner\">\n<div class=\"cmsms_row_margin\">\n<div class=\"cmsms_column one_first\">\n<div class=\"cmsms_quotes quote_grid quote_one\" data-animation=\"bounceIn\" data-delay=\"50\">\n<div class=\"quote_vert\"><\/div><div class=\"quotes_list\">\n<div class=\"cmsms_quote\">\n\r\n<!--_________________________ Start Grid Article _________________________ -->\r\n\r\n<article class=\"cmsms_quote_inner\">\r\n\t<div class=\"quote_content_wrap\">\r\n\t<div class=\"quote_content\">\n<h2>\u201eMatka intuitivn\u011b pracuje v\u017edy spr\u00e1vn\u011b a d\u00edt\u011b od miluj\u00edc\u00ed matky tuto l\u00e9\u010dbu p\u0159ij\u00edm\u00e1\u201c.<\/h2>\n<\/div>\n<h6 class=\"quote_title\">V\u00e1clav Vojta<\/h6>\n\t<\/div>\r\n<\/article>\r\n<!--_________________________ Finish Grid Article _________________________ -->\r\n\r\n<\/div>\n<\/div><div class=\"quotes_list\">\n<\/div>\n<\/div>\n<\/div>\n<\/div>\n<\/div>\n<\/div>\n<\/div>\n<\/div>\n<div id=\"cmsms_row_69eccd7168d3d5_48236247\" class=\"cmsms_row cmsms_color_scheme_default\">\n<div class=\"cmsms_row_outer_parent\">\n<div class=\"cmsms_row_outer\">\n<div class=\"cmsms_row_inner\">\n<div class=\"cmsms_row_margin\">\n<div class=\"cmsms_column one_first\">\n<div class=\"aligncenter\">\n<div class=\"cmsms_img  cmsms_image_c with_caption\" data-animation=\"fadeInDown\" data-delay=\"100\">\n<img src=\"https:\/\/www.atituda.cz\/wp-content\/uploads\/2018\/09\/IMG_0420IIFull.jpg\" \/>\n<p class=\"cmsms_img_caption\">T\u00fdm fyzioterapeut\u016f Atituda<\/p><\/div>\n<\/div>\n<\/div>\n<\/div>\n<\/div>\n<\/div>\n<\/div>\n<\/div>\n<div id=\"cmsms_row_69eccd71694099_71087715\" class=\"cmsms_row cmsms_color_scheme_default\">\n<div class=\"cmsms_row_outer_parent\">\n<div class=\"cmsms_row_outer\">\n<div class=\"cmsms_row_inner\">\n<div class=\"cmsms_row_margin\">\n<div class=\"cmsms_column one_first\">\n<div id=\"cmsms_fb_69eccd71696160_21972940\" class=\"cmsms_featured_block\">\n<div class=\"featured_block_inner\">\n<div class=\"featured_block_text\">\n<h5>Atituda je zdravotnick\u00e9 za\u0159\u00edzen\u00ed zam\u011b\u0159en\u00e9 na l\u00e9\u010dbu poruch hybnosti.<\/h5>\n<h5><strong>Specializujeme se na d\u011bti i dosp\u011bl\u00e9<\/strong><\/h5>\n<h5>Specializujeme se na terapii Vojtovou metodou d\u011bt\u00ed i dosp\u011bl\u00fdch, jejich\u017e stav vy\u017eaduje dlouhodobou a systematickou p\u00e9\u010di. Dosp\u011bl\u00e9 prov\u00e1z\u00edme na jejich cest\u011b k\u00a0\u00falev\u011b od\u00a0bolesti pohybov\u00e9ho apar\u00e1tu, u d\u011bt\u00ed je to p\u0159ev\u00e1\u017en\u011b jeho n\u00e1prava nebo, podle z\u00e1va\u017enosti, dlouhodob\u00e1 intenz\u00edvn\u00ed terapie<\/h5>\n<h5>Zam\u011b\u0159ujeme se na problematiku motorick\u00e9ho v\u00fdvoje d\u011bt\u00ed od narozen\u00ed \u2013 a\u0165 u\u017e se jedn\u00e1 o lehk\u00e9 poruchy v\u00fdvoje a\u017e po t\u011b\u017ek\u00e9 neurologick\u00e9 diagn\u00f3zy, nap\u0159. s\u00a0 d\u011btskou mozkovou obrnou. Spolu s mal\u00fdmi pacienty pracujeme systematicky i s\u00a0jejich rodi\u010di.<\/h5>\n<h5>Poskytujeme fyzioterapii dosp\u011bl\u00fdm pacient\u016fm s\u00a0t\u011b\u017ek\u00fdmi neurologick\u00fdmi diagn\u00f3zami, co\u017e nen\u00ed \u00a0v\u00a0\u010cesk\u00e9 republice v\u016fbec b\u011b\u017en\u00e9.<\/h5>\n<h5>Nab\u00edz\u00edme fyzioterapii i lidem s dal\u0161\u00edmi diagn\u00f3zami, kter\u00e9 do na\u0161eho oboru pat\u0159\u00ed, nap\u0159. ortopedick\u00e9 vady, \u010di nervosvalov\u00e9 poruchy.<\/h5>\n<h5>Bav\u00ed n\u00e1s pr\u00e1ce s\u00a0lidsk\u00fdm t\u011blem a z\u00e1konitostmi jeho pohybu.<\/h5>\n<h5>Na\u0161im c\u00edlem je dlouhodobou a c\u00edlenou prac\u00ed zv\u00fd\u0161it kvalitu \u017eivota na\u0161ich pacient\u016f.<\/h5>\n<h5><strong>T\u00fdmov\u00e1 spolupr\u00e1ce<\/strong><\/h5>\n<h5>Ka\u017ed\u00fd pacient pot\u0159ebuje individu\u00e1ln\u00ed terapii, tzv. \u201eu\u0161itou na m\u00edru\u201c. V p\u0159\u00edpad\u011b, \u017ee \u0159e\u0161en\u00ed\u00a0 pacientova probl\u00e9mu je komplikovan\u00e9, sch\u00e1z\u00edme se ke vz\u00e1jemn\u00e9 konzultaci. Bohat\u00e9 terapeutick\u00e9 zku\u0161enosti n\u00e1m umo\u017e\u0148uj\u00ed v\u011bnovat se v\u0161em klient\u016fm s\u00a0odbornou p\u00e9\u010d\u00ed a pln\u00fdm nasazen\u00edm. V\u00a0na\u0161em pracovn\u00edm t\u00fdmu si cen\u00edme velk\u00e9 otev\u0159enosti, spolehlivosti, profesionality a tak\u00e9 p\u0159\u00e1telstv\u00ed, kter\u00e9 mezi n\u00e1mi je. V\u00a0takov\u00e9m prost\u0159ed\u00ed je mo\u017en\u00e9 zdol\u00e1vat velk\u00e9 terapeutick\u00e9 c\u00edle. Na\u0161e spole\u010dn\u00e9 motto je \u201e\u201c T\u00fdm je v\u00edc ne\u017e jeden\u201c.<\/h5>\n<h5><strong>Inspirace<\/strong><\/h5>\n<h5>Velice si v\u00e1\u017e\u00edme mo\u017enosti spolupracovat s\u00a0velkou osobnost\u00ed na\u0161eho oboru, kter\u00e1 je pro n\u00e1s inspirac\u00ed a na\u0161im pacient\u016fm ukazuje cestu k\u00a0vy\u0161\u0161\u00ed kvalit\u011b terapie.<\/h5>\n<h5>Spole\u010dn\u011b s\u00a0pan\u00ed Marcelou Klemovou, dlouholetou a bl\u00edzkou spolupracovnic\u00ed prof. V\u00e1clava Vojty, po\u0159\u00e1d\u00e1me pravideln\u00e9 workshopy pro ostatn\u00ed fyzioterapeuty z\u00a0cel\u00e9 \u010cesk\u00e9 republiky a prost\u0159ednictv\u00edm \u010cs. spole\u010dnosti Dr. Vojty tak\u00e9 rekondi\u010dn\u00ed pobyty pro na\u0161e pacienty.<\/h5>\n<h5><strong>Svoji pr\u00e1ci stav\u00edme na:<\/strong><\/h5>\n<h5>&#8211; spolupr\u00e1ci s\u00a0l\u00e9ka\u0159i a odborn\u00edky<\/h5>\n<h5>&#8211; p\u0159esn\u00e9 a c\u00edlen\u00e9 diagnostice<\/h5>\n<h5>&#8211; c\u00edlen\u00e9 a intenzivn\u00ed terapii d\u00edt\u011bte tam, kde je d\u00edt\u011b ohro\u017een\u00e9 poruchou pohybov\u00e9ho v\u00fdvoje<\/h5>\n<h5>&#8211; spolupr\u00e1ci s rodi\u010dem, kde rodi\u010d je partnerem fyzioterapeuta (nau\u010d\u00edme rodi\u010de l\u00e9\u010dit sv\u00e9 d\u00edt\u011b)<\/h5>\n<h5>&#8211; t\u00fdmov\u00e9 spolupr\u00e1ci v r\u00e1mci na\u0161eho pracovi\u0161t\u011b (spole\u010dn\u00e9 konzultace pacient\u016f)<\/h5>\n<h5>&#8211; pr\u016fb\u011b\u017en\u00e9m a dlouhodob\u00e9m sebevzd\u011bl\u00e1v\u00e1n\u00ed<\/h5>\n<h5>&#8211; spolupr\u00e1ci pan\u00ed Marcelou Klemovou.<\/h5>\n<h5>S\u00a0na\u0161imi pacienty si budujeme dlouhodob\u00fd vztah zalo\u017een\u00fd na d\u016fv\u011b\u0159e a otev\u0159enosti.<\/h5>\n<h5>Zn\u00e1me se mnoho let, poprv\u00e9 jsme se potkaly p\u0159i studiu metodiky prof. Vojty po\u010d\u00e1tkem 90. let. Pravideln\u011b jsme se setk\u00e1valy na kurzech a semin\u00e1\u0159\u00edch terapie Vojtovou metodou, dnes je samy po\u0159\u00e1d\u00e1me. V\u00edme, \u017ee se na sebe m\u016f\u017eeme spolehnout v profesn\u00edm i osobn\u00edm \u017eivot\u011b.<\/h5>\n<h5>T\u00fdm je v\u00edc ne\u017e jeden.<\/h5>\n<\/div>\n<\/div>\n<\/div>\n<\/div>\n<\/div>\n<\/div>\n<\/div>\n<\/div>\n<\/div>\n<div id=\"cmsms_row_69eccd716971b9_62648754\" class=\"cmsms_row cmsms_color_scheme_default\">\n<div class=\"cmsms_row_outer_parent\">\n<div class=\"cmsms_row_outer\">\n<div class=\"cmsms_row_inner\">\n<div class=\"cmsms_row_margin\">\n<div class=\"cmsms_column one_first\">\n<div id=\"69eccd71698324_39642777\" class=\"cmsms_profile vertical\" data-animation=\"slideInRight\" data-delay=\"200\">\n\r\n<!--_________________________ Start Vertical Profile _________________________ -->\r\n\r\n<article id=\"post-173\" class=\"post-173 profile type-profile status-publish has-post-thumbnail hentry\">\r\n\t<div class=\"pl_img\">\n<figure>\n<a href=\"https:\/\/www.atituda.cz\/index.php\/profile\/mgr-marketa-mesany-klemova\/\"><img width=\"300\" height=\"300\" src=\"https:\/\/www.atituda.cz\/wp-content\/uploads\/2018\/09\/5-300x300.jpg\" class=\"attachment-square-thumb size-square-thumb wp-post-image\" alt=\"Mgr. Mark\u00e9ta Mesany Klemov\u00e1\" loading=\"lazy\" title=\"Mgr. Mark\u00e9ta Mesany Klemov\u00e1\" srcset=\"https:\/\/www.atituda.cz\/wp-content\/uploads\/2018\/09\/5-300x300.jpg 300w, https:\/\/www.atituda.cz\/wp-content\/uploads\/2018\/09\/5-150x150.jpg 150w, https:\/\/www.atituda.cz\/wp-content\/uploads\/2018\/09\/5-768x768.jpg 768w, https:\/\/www.atituda.cz\/wp-content\/uploads\/2018\/09\/5-55x55.jpg 55w, https:\/\/www.atituda.cz\/wp-content\/uploads\/2018\/09\/5-580x580.jpg 580w, https:\/\/www.atituda.cz\/wp-content\/uploads\/2018\/09\/5.jpg 800w\" sizes=\"(max-width: 300px) 100vw, 300px\" \/><\/a><\/figure>\n<\/div>\n<div class=\"pl_content\">\n<h5 class=\"pl_subtitle\">Fyzioterapeut<\/h5>\n<h2 class=\"entry-title\">\n<a href=\"https:\/\/www.atituda.cz\/index.php\/profile\/mgr-marketa-mesany-klemova\/\">Mgr. Mark\u00e9ta Mesany Klemov\u00e1<\/a>\n<\/h2>\n<div class=\"pl_social\">\n<ul class=\"pl_social_list\">\n<li>\n\t<a href=\"http:\/\/www.fyziovojta.cz\/\" class=\"cmsms-icon-globe-3\" title=\"www.fyziovojta.cz\/\" target=\"_blank\"><\/a>\r<\/li>\n<\/ul>\n<\/div>\n<\/div>\n<div class=\"entry-content\">\nU\u017e jako malou m\u011b bavilo sportovat a pom\u00e1hat druh\u00fdm. Proto nebylo t\u011b\u017ek\u00e9 st\u00e1t se fyzioterapeutkou a pokra\u010dovat v rodinn\u00e9 tradici a v\u011bnovat se l\u00e9\u010db\u011b d\u011bt\u00ed s pohybov\u00fdm posti\u017een\u00edm. <\/div>\n\t<div class=\"cl\"><\/div>\r\n<\/article>\r\n<!--_________________________ Finish Vertical Profile _________________________ -->\r\n\r\n\r\n<!--_________________________ Start Vertical Profile _________________________ -->\r\n\r\n<article id=\"post-15\" class=\"post-15 profile type-profile status-publish has-post-thumbnail hentry\">\r\n\t<div class=\"pl_img\">\n<figure>\n<a href=\"https:\/\/www.atituda.cz\/index.php\/profile\/mgr-hana-cechova\/\"><img width=\"300\" height=\"300\" src=\"https:\/\/www.atituda.cz\/wp-content\/uploads\/2018\/08\/2-1-300x300.jpg\" class=\"attachment-square-thumb size-square-thumb wp-post-image\" alt=\"Mgr. Hana \u010cechov\u00e1\" loading=\"lazy\" title=\"Mgr. Hana \u010cechov\u00e1\" srcset=\"https:\/\/www.atituda.cz\/wp-content\/uploads\/2018\/08\/2-1-300x300.jpg 300w, https:\/\/www.atituda.cz\/wp-content\/uploads\/2018\/08\/2-1-150x150.jpg 150w, https:\/\/www.atituda.cz\/wp-content\/uploads\/2018\/08\/2-1-768x768.jpg 768w, https:\/\/www.atituda.cz\/wp-content\/uploads\/2018\/08\/2-1-55x55.jpg 55w, https:\/\/www.atituda.cz\/wp-content\/uploads\/2018\/08\/2-1-580x580.jpg 580w, https:\/\/www.atituda.cz\/wp-content\/uploads\/2018\/08\/2-1.jpg 800w\" sizes=\"(max-width: 300px) 100vw, 300px\" \/><\/a><\/figure>\n<\/div>\n<div class=\"pl_content\">\n<h5 class=\"pl_subtitle\">Fyzioterapeut<\/h5>\n<h2 class=\"entry-title\">\n<a href=\"https:\/\/www.atituda.cz\/index.php\/profile\/mgr-hana-cechova\/\">Mgr. Hana \u010cechov\u00e1<\/a>\n<\/h2>\n<div class=\"pl_social\">\n<\/div>\n<\/div>\n<div class=\"entry-content\">\nKolektiv l\u00e9ka\u0159\u016f a fyzioterapeutek na odd\u011blen\u00ed d\u011btsk\u00e9 rehabilitace p\u0159i poliklinice Bud\u011bjovick\u00e1 na Praze 4, kte\u0159\u00ed zde pracovali s ohro\u017een\u00fdmi d\u011btmi Vojtovou metodou ovlivnil m\u016fj dal\u0161\u00ed profesn\u00ed \u017eivot.<\/div>\n\t<div class=\"cl\"><\/div>\r\n<\/article>\r\n<!--_________________________ Finish Vertical Profile _________________________ -->\r\n\r\n\r\n<!--_________________________ Start Vertical Profile _________________________ -->\r\n\r\n<article id=\"post-28\" class=\"post-28 profile type-profile status-publish has-post-thumbnail hentry\">\r\n\t<div class=\"pl_img\">\n<figure>\n<a href=\"https:\/\/www.atituda.cz\/index.php\/profile\/marketa-janska\/\"><img width=\"300\" height=\"300\" src=\"https:\/\/www.atituda.cz\/wp-content\/uploads\/2018\/08\/1-300x300.jpg\" class=\"attachment-square-thumb size-square-thumb wp-post-image\" alt=\"Mark\u00e9ta J\u00e1nsk\u00e1\" loading=\"lazy\" title=\"Mark\u00e9ta J\u00e1nsk\u00e1\" srcset=\"https:\/\/www.atituda.cz\/wp-content\/uploads\/2018\/08\/1-300x300.jpg 300w, https:\/\/www.atituda.cz\/wp-content\/uploads\/2018\/08\/1-150x150.jpg 150w, https:\/\/www.atituda.cz\/wp-content\/uploads\/2018\/08\/1-768x768.jpg 768w, https:\/\/www.atituda.cz\/wp-content\/uploads\/2018\/08\/1-55x55.jpg 55w, https:\/\/www.atituda.cz\/wp-content\/uploads\/2018\/08\/1-580x580.jpg 580w, https:\/\/www.atituda.cz\/wp-content\/uploads\/2018\/08\/1.jpg 800w\" sizes=\"(max-width: 300px) 100vw, 300px\" \/><\/a><\/figure>\n<\/div>\n<div class=\"pl_content\">\n<h5 class=\"pl_subtitle\">Fyzioterapeut<\/h5>\n<h2 class=\"entry-title\">\n<a href=\"https:\/\/www.atituda.cz\/index.php\/profile\/marketa-janska\/\">Mark\u00e9ta J\u00e1nsk\u00e1<\/a>\n<\/h2>\n<div class=\"pl_social\">\n<ul class=\"pl_social_list\">\n<li>\n\t<a href=\"http:\/\/www.zdravym.cz\" class=\"cmsms-icon-globe-3\" title=\"www.zdravym.cz\" target=\"_blank\"><\/a>\r<\/li>\n<li>\n\t<a href=\"http:\/\/www.cestoukezdravi.cz\/\" class=\"cmsms-icon-globe-3\" title=\"www.cestoukezdravi.cz\/\" target=\"_blank\"><\/a>\r<\/li>\n<\/ul>\n<\/div>\n<\/div>\n<div class=\"entry-content\">\nPro\u0161la jsem za sv\u016fj profesn\u00ed\u00a0\u017eivot celou \u0159adou \u0161kolen\u00ed a semin\u00e1\u0159\u016f, ale v\u017edy se znovu a znovu utvrzuji v tom, \u017ee Vojt\u016fv princip\u00a0 pro m\u011b byl je a douf\u00e1m bude metodou prvn\u00ed volby. Jen d\u00edky t\u00e9to skv\u011bl\u00e9 part\u011b kolegy\u0148\u00a0 se mohu ve Vojtov\u011b metod\u011b d\u00e1le vyv\u00edjet <\/div>\n\t<div class=\"cl\"><\/div>\r\n<\/article>\r\n<!--_________________________ Finish Vertical Profile _________________________ -->\r\n\r\n\r\n<!--_________________________ Start Vertical Profile _________________________ -->\r\n\r\n<article id=\"post-178\" class=\"post-178 profile type-profile status-publish has-post-thumbnail hentry\">\r\n\t<div class=\"pl_img\">\n<figure>\n<a href=\"https:\/\/www.atituda.cz\/index.php\/profile\/irena-samsova\/\"><img width=\"300\" height=\"300\" src=\"https:\/\/www.atituda.cz\/wp-content\/uploads\/2018\/09\/3-300x300.jpg\" class=\"attachment-square-thumb size-square-thumb wp-post-image\" alt=\"Irena \u0160am\u0161ov\u00e1\" loading=\"lazy\" title=\"Irena \u0160am\u0161ov\u00e1\" srcset=\"https:\/\/www.atituda.cz\/wp-content\/uploads\/2018\/09\/3-300x300.jpg 300w, https:\/\/www.atituda.cz\/wp-content\/uploads\/2018\/09\/3-150x150.jpg 150w, https:\/\/www.atituda.cz\/wp-content\/uploads\/2018\/09\/3-768x768.jpg 768w, https:\/\/www.atituda.cz\/wp-content\/uploads\/2018\/09\/3-55x55.jpg 55w, https:\/\/www.atituda.cz\/wp-content\/uploads\/2018\/09\/3-580x580.jpg 580w, https:\/\/www.atituda.cz\/wp-content\/uploads\/2018\/09\/3.jpg 800w\" sizes=\"(max-width: 300px) 100vw, 300px\" \/><\/a><\/figure>\n<\/div>\n<div class=\"pl_content\">\n<h5 class=\"pl_subtitle\">Fyzioterapeut<\/h5>\n<h2 class=\"entry-title\">\n<a href=\"https:\/\/www.atituda.cz\/index.php\/profile\/irena-samsova\/\">Irena \u0160am\u0161ov\u00e1<\/a>\n<\/h2>\n<div class=\"pl_social\">\n<ul class=\"pl_social_list\">\n<li>\n\t<a href=\"http:\/\/www.fyzioterapeutpro.cz\" class=\"cmsms-icon-globe-3\" title=\"www.fyzioterapeutpro.cz\" target=\"_blank\"><\/a>\r<\/li>\n<\/ul>\n<\/div>\n<\/div>\n<div class=\"entry-content\">\nV na\u0161em pracovn\u00edm t\u00fdmu si cen\u00edm velk\u00e9 otev\u0159enosti, spolehlivosti, profesionality a tak\u00e9 \r\np\u0159\u00e1telstv\u00ed, kter\u00e9 mezi n\u00e1mi je. V takov\u00e9m prost\u0159ed\u00ed je mo\u017en\u00e9 zdol\u00e1vat velk\u00e9 terapeutick\u00e9 c\u00edle.\r\n<\/div>\n\t<div class=\"cl\"><\/div>\r\n<\/article>\r\n<!--_________________________ Finish Vertical Profile _________________________ -->\r\n\r\n<\/div>\n<\/div>\n<\/div>\n<\/div>\n<\/div>\n<\/div>\n<\/div>\n\n","protected":false},"excerpt":{"rendered":"","protected":false},"author":1,"featured_media":0,"parent":0,"menu_order":0,"comment_status":"closed","ping_status":"closed","template":"","meta":[],"_links":{"self":[{"href":"https:\/\/www.atituda.cz\/index.php\/wp-json\/wp\/v2\/pages\/71"}],"collection":[{"href":"https:\/\/www.atituda.cz\/index.php\/wp-json\/wp\/v2\/pages"}],"about":[{"href":"https:\/\/www.atituda.cz\/index.php\/wp-json\/wp\/v2\/types\/page"}],"author":[{"embeddable":true,"href":"https:\/\/www.atituda.cz\/index.php\/wp-json\/wp\/v2\/users\/1"}],"replies":[{"embeddable":true,"href":"https:\/\/www.atituda.cz\/index.php\/wp-json\/wp\/v2\/comments?post=71"}],"version-history":[{"count":18,"href":"https:\/\/www.atituda.cz\/index.php\/wp-json\/wp\/v2\/pages\/71\/revisions"}],"predecessor-version":[{"id":151,"href":"https:\/\/www.atituda.cz\/index.php\/wp-json\/wp\/v2\/pages\/71\/revisions\/151"}],"wp:attachment":[{"href":"https:\/\/www.atituda.cz\/index.php\/wp-json\/wp\/v2\/media?parent=71"}],"curies":[{"name":"wp","href":"https:\/\/api.w.org\/{rel}","templated":true}]}}